{"id":9,"date":"2021-02-05T20:08:06","date_gmt":"2021-02-05T19:08:06","guid":{"rendered":"https:\/\/editionsavicenne.wordpress.com\/?page_id=9"},"modified":"2021-08-24T23:47:49","modified_gmt":"2021-08-24T21:47:49","slug":"about","status":"publish","type":"page","link":"https:\/\/editionsavicenne.fr\/?page_id=9","title":{"rendered":"\u00c0 propos"},"content":{"rendered":"\r\n<p>La Maison d&rsquo;\u00e9dition Avicenne se sp\u00e9cialise dans la traduction, l&rsquo;\u00e9dition et la publication d&rsquo;ouvrages acad\u00e9miques originaux et rares, d&rsquo;\u00e9tudes universitaires, d&rsquo;\u00e9tudes critiques issues des facult\u00e9s th\u00e9ologiques musulmanes, d&rsquo;ouvrages en lien avec les approches contemporaines de l&rsquo;Islam et d&rsquo;ouvrages de vulgarisation religieuse.<br \/><br \/>Pour nous \u00e9crire : <em>ed.avicenne@gmail.com<\/em><\/p>\r\n","protected":false},"excerpt":{"rendered":"<p>La Maison d&rsquo;\u00e9dition Avicenne se sp\u00e9cialise dans la traduction, l&rsquo;\u00e9dition et la publication d&rsquo;ouvrages acad\u00e9miques originaux et rares, d&rsquo;\u00e9tudes universitaires, d&rsquo;\u00e9tudes critiques issues des facult\u00e9s th\u00e9ologiques musulmanes, d&rsquo;ouvrages en lien avec les approches contemporaines de l&rsquo;Islam et d&rsquo;ouvrages de vulgarisation religieuse. Pour nous \u00e9crire : ed.avicenne@gmail.com<\/p>\n","protected":false},"author":1,"featured_media":0,"parent":0,"menu_order":0,"comment_status":"closed","ping_status":"closed","template":"","meta":{"footnotes":""},"class_list":["post-9","page","type-page","status-publish","hentry"],"aioseo_notices":[],"_links":{"self":[{"href":"https:\/\/editionsavicenne.fr\/index.php?rest_route=\/wp\/v2\/pages\/9","targetHints":{"allow":["GET"]}}],"collection":[{"href":"https:\/\/editionsavicenne.fr\/index.php?rest_route=\/wp\/v2\/pages"}],"about":[{"href":"https:\/\/editionsavicenne.fr\/index.php?rest_route=\/wp\/v2\/types\/page"}],"author":[{"embeddable":true,"href":"https:\/\/editionsavicenne.fr\/index.php?rest_route=\/wp\/v2\/users\/1"}],"replies":[{"embeddable":true,"href":"https:\/\/editionsavicenne.fr\/index.php?rest_route=%2Fwp%2Fv2%2Fcomments&post=9"}],"version-history":[{"count":2,"href":"https:\/\/editionsavicenne.fr\/index.php?rest_route=\/wp\/v2\/pages\/9\/revisions"}],"predecessor-version":[{"id":699,"href":"https:\/\/editionsavicenne.fr\/index.php?rest_route=\/wp\/v2\/pages\/9\/revisions\/699"}],"wp:attachment":[{"href":"https:\/\/editionsavicenne.fr\/index.php?rest_route=%2Fwp%2Fv2%2Fmedia&parent=9"}],"curies":[{"name":"wp","href":"https:\/\/api.w.org\/{rel}","templated":true}]}}